{"id":384,"date":"2023-04-06T05:58:51","date_gmt":"2023-04-06T05:58:51","guid":{"rendered":"https:\/\/heilpaedagogik-indersdorf.de\/?page_id=384"},"modified":"2023-07-08T21:24:30","modified_gmt":"2023-07-08T21:24:30","slug":"384-2","status":"publish","type":"page","link":"https:\/\/heilpaedagogik-indersdorf.de\/","title":{"rendered":"Home"},"content":{"rendered":"<p>[et_pb_section fb_built=&#8220;1&#8243; _builder_version=&#8220;4.20.4&#8243; _module_preset=&#8220;default&#8220; background_image=&#8220;https:\/\/heilpaedagogik-indersdorf.de\/wp-content\/uploads\/2023\/04\/maedchenhaende-1.jpg&#8220; min_height=&#8220;756px&#8220; height=&#8220;756px&#8220; global_colors_info=&#8220;{}&#8220;][\/et_pb_section][et_pb_section fb_built=&#8220;1&#8243; module_id=&#8220;liebeelten&#8220; _builder_version=&#8220;4.20.4&#8243; _module_preset=&#8220;default&#8220; global_colors_info=&#8220;{}&#8220;][et_pb_row column_structure=&#8220;3_5,2_5&#8243; _builder_version=&#8220;4.20.4&#8243; _module_preset=&#8220;default&#8220; global_colors_info=&#8220;{}&#8220;][et_pb_column type=&#8220;3_5&#8243; _builder_version=&#8220;4.20.4&#8243; _module_preset=&#8220;default&#8220; global_colors_info=&#8220;{}&#8220;][et_pb_text _builder_version=&#8220;4.20.4&#8243; _module_preset=&#8220;default&#8220; header_text_align=&#8220;left&#8220; custom_padding=&#8220;0px|0px|0px|0px|false|false&#8220; custom_padding_tablet=&#8220;10%|8%|2%|8%|false|false&#8220; custom_padding_phone=&#8220;0%|0%|0%|0%|false|false&#8220; custom_padding_last_edited=&#8220;on|phone&#8220; global_colors_info=&#8220;{}&#8220;]<\/p>\n<h1>Liebe Eltern<\/h1>\n<p>Sie haben noch nie von \u201eHeilp\u00e4dagogik\u201c geh\u00f6rt? Heilp\u00e4dagogische F\u00f6rderung bedeutet, ein Kind in allen Facetten seiner Pers\u00f6nlichkeit zu unterst\u00fctzen \u2013 und nicht nur einen isolierten \u201eProblembereich\u201c zu f\u00f6rdern. Dabei hat die Zusammenarbeit mit den Eltern f\u00fcr mich eine gro\u00dfe Bedeutung.<\/p>\n<p>[\/et_pb_text][et_pb_text module_class=&#8220;bulletlistone&#8220; _builder_version=&#8220;4.20.4&#8243; _module_preset=&#8220;default&#8220; global_colors_info=&#8220;{}&#8220;]<\/p>\n<p><strong>Wenn Ihr Kind<\/strong><\/p>\n<ul>\n<li>im Kindergarten oder in der Schule Probleme im Sozialverhalten zeigt<\/li>\n<li>oft ungl\u00fccklich, \u00e4ngstlich oder gehemmt ist<\/li>\n<li>Schwierigkeiten hat, sich zu konzentrieren<\/li>\n<li>in seiner Entwicklung verz\u00f6gert ist<\/li>\n<li>oder wenn Sie sich in der Erziehung \u00fcberfordert f\u00fchlen und fachliche Hilfe ben\u00f6tigen,<\/li>\n<\/ul>\n<p>dann k\u00f6nnte ich Ihnen weiterhelfen.<\/p>\n<p>[\/et_pb_text][\/et_pb_column][et_pb_column type=&#8220;2_5&#8243; _builder_version=&#8220;4.20.4&#8243; _module_preset=&#8220;default&#8220; global_colors_info=&#8220;{}&#8220;][et_pb_image src=&#8220;https:\/\/heilpaedagogik-indersdorf.de\/wp-content\/uploads\/2023\/04\/kugel_junge.png&#8220; title_text=&#8220;kugel_junge&#8220; _builder_version=&#8220;4.20.4&#8243; _module_preset=&#8220;default&#8220; transform_scale=&#8220;130%|130%&#8220; transform_translate=&#8220;4px|21px&#8220; transform_translate_linked=&#8220;off&#8220; width=&#8220;61%&#8220; animation_style=&#8220;slide&#8220; animation_direction=&#8220;top&#8220; animation_intensity_slide=&#8220;4%&#8220; animation_starting_opacity=&#8220;48%&#8220; global_colors_info=&#8220;{}&#8220;][\/et_pb_image][et_pb_image src=&#8220;https:\/\/heilpaedagogik-indersdorf.de\/wp-content\/uploads\/2023\/04\/kugel_kugel.png&#8220; title_text=&#8220;kugel_kugel&#8220; _builder_version=&#8220;4.20.4&#8243; _module_preset=&#8220;default&#8220; background_color=&#8220;RGBA(255,255,255,0)&#8220; transform_scale=&#8220;91%|91%&#8220; transform_translate=&#8220;164px|-56px&#8220; transform_translate_linked=&#8220;off&#8220; width=&#8220;61%&#8220; animation_style=&#8220;slide&#8220; animation_direction=&#8220;bottom&#8220; animation_intensity_slide=&#8220;4%&#8220; animation_starting_opacity=&#8220;47%&#8220; global_colors_info=&#8220;{}&#8220;][\/et_pb_image][\/et_pb_column][\/et_pb_row][et_pb_row column_structure=&#8220;2_5,3_5&#8243; _builder_version=&#8220;4.21.0&#8243; _module_preset=&#8220;default&#8220; background_color=&#8220;#fc9600&#8243; custom_margin=&#8220;||50px||false|false&#8220; custom_padding=&#8220;||10px||false|false&#8220; border_radii=&#8220;on|4px|4px|4px|4px&#8220; global_colors_info=&#8220;{}&#8220;][et_pb_column type=&#8220;2_5&#8243; _builder_version=&#8220;4.20.4&#8243; _module_preset=&#8220;default&#8220; global_colors_info=&#8220;{}&#8220;][et_pb_image src=&#8220;https:\/\/heilpaedagogik-indersdorf.de\/wp-content\/uploads\/2019\/12\/Bild00003-scaled.jpg&#8220; title_text=&#8220;Bild00003&#8243; _builder_version=&#8220;4.20.4&#8243; _module_preset=&#8220;default&#8220; global_colors_info=&#8220;{}&#8220;][\/et_pb_image][\/et_pb_column][et_pb_column type=&#8220;3_5&#8243; _builder_version=&#8220;4.21.0&#8243; _module_preset=&#8220;default&#8220; custom_padding_tablet=&#8220;&#8220; custom_padding_phone=&#8220;|||5%|false|false&#8220; custom_padding_last_edited=&#8220;on|phone&#8220; global_colors_info=&#8220;{}&#8220;][et_pb_text _builder_version=&#8220;4.20.4&#8243; _module_preset=&#8220;default&#8220; header_4_text_color=&#8220;#FFFFFF&#8220; global_colors_info=&#8220;{}&#8220;]<\/p>\n<h4><em><span>&#8222;Durch meine langj\u00e4hrige T\u00e4tigkeit als Heilp\u00e4dagogin in Fr\u00fchf\u00f6rderstellen, Integrationseinrichtungen sowie im Integrationsfachdienst in Kinderg\u00e4rten und Krippen und der Leitung von Sozialkompetenzgruppen mit Kindern im autistischen Spektrum sichere ich Ihnen gr\u00f6\u00dfte Kompetenz in meinem Berufsfeld zu.&#8220;<\/span><\/em><em><span><\/span><\/em><\/h4>\n<p>[\/et_pb_text][et_pb_text _builder_version=&#8220;4.20.4&#8243; _module_preset=&#8220;default&#8220; text_text_color=&#8220;#FFFFFF&#8220; header_2_font=&#8220;|700|||||||&#8220; header_2_text_color=&#8220;#ffffff&#8220; header_2_font_size=&#8220;27px&#8220; global_colors_info=&#8220;{}&#8220;]<\/p>\n<h2>Qualifikationen<\/h2>\n<ul>\n<li><span>Staatl. anerkannte Heilp\u00e4dagogin<\/span><\/li>\n<li><span>TEACCH-Weiterbildung<\/span><\/li>\n<li><span>Marburger Konzentrationstraining<\/span><\/li>\n<li><span>Entspannungsp\u00e4dagogin<\/span><\/li>\n<li><span>M\u00e4rchenp\u00e4dagogin <\/span><\/li>\n<li><span>Sandspieltherapeutin<\/span><\/li>\n<li><span>Lerntrainerin nach Klipp &amp; Klar<\/span><\/li>\n<\/ul>\n<p>[\/et_pb_text][\/et_pb_column][\/et_pb_row][\/et_pb_section][et_pb_section fb_built=&#8220;1&#8243; module_id=&#8220;meinepraxis&#8220; _builder_version=&#8220;4.20.4&#8243; _module_preset=&#8220;default&#8220; custom_padding=&#8220;0px||0px||false|false&#8220; global_colors_info=&#8220;{}&#8220;][et_pb_row column_structure=&#8220;1_3,2_3&#8243; use_custom_gutter=&#8220;on&#8220; gutter_width=&#8220;2&#8243; make_equal=&#8220;on&#8220; _builder_version=&#8220;4.20.4&#8243; _module_preset=&#8220;default&#8220; width=&#8220;100%&#8220; max_width=&#8220;2560px&#8220; min_height=&#8220;434px&#8220; height=&#8220;438px&#8220; custom_padding=&#8220;0px||0px||false|false&#8220; global_colors_info=&#8220;{}&#8220;][et_pb_column type=&#8220;1_3&#8243; _builder_version=&#8220;4.20.4&#8243; _module_preset=&#8220;default&#8220; background_image=&#8220;https:\/\/heilpaedagogik-indersdorf.de\/wp-content\/uploads\/2023\/04\/praxis1.jpg&#8220; global_colors_info=&#8220;{}&#8220;][\/et_pb_column][et_pb_column type=&#8220;2_3&#8243; _builder_version=&#8220;4.20.4&#8243; _module_preset=&#8220;default&#8220; background_image=&#8220;https:\/\/heilpaedagogik-indersdorf.de\/wp-content\/uploads\/2023\/04\/praxis2.jpg&#8220; global_colors_info=&#8220;{}&#8220;][\/et_pb_column][\/et_pb_row][et_pb_row column_structure=&#8220;2_5,3_5&#8243; _builder_version=&#8220;4.20.4&#8243; _module_preset=&#8220;default&#8220; custom_margin=&#8220;5%||||false|false&#8220; global_colors_info=&#8220;{}&#8220;][et_pb_column type=&#8220;2_5&#8243; _builder_version=&#8220;4.20.4&#8243; _module_preset=&#8220;default&#8220; global_colors_info=&#8220;{}&#8220;][et_pb_image src=&#8220;https:\/\/heilpaedagogik-indersdorf.de\/wp-content\/uploads\/2023\/04\/kugel_jungebeinehoch.png&#8220; title_text=&#8220;kugel_jungebeinehoch&#8220; _builder_version=&#8220;4.21.0&#8243; _module_preset=&#8220;default&#8220; transform_scale=&#8220;147%|147%&#8220; transform_scale_last_edited=&#8220;off|phone&#8220; transform_translate=&#8220;25px|-7px&#8220; transform_translate_last_edited=&#8220;off|phone&#8220; transform_translate_linked=&#8220;off&#8220; transform_rotate_last_edited=&#8220;off|phone&#8220; transform_skew_last_edited=&#8220;off|phone&#8220; transform_origin_last_edited=&#8220;off|phone&#8220; transform_styles_last_edited=&#8220;off|phone&#8220; width=&#8220;61%&#8220; custom_margin_tablet=&#8220;&#8220; custom_margin_phone=&#8220;||||false|false&#8220; custom_margin_last_edited=&#8220;on|phone&#8220; animation_style=&#8220;slide&#8220; animation_direction=&#8220;top&#8220; animation_intensity_slide=&#8220;4%&#8220; animation_starting_opacity=&#8220;48%&#8220; hover_enabled=&#8220;0&#8243; global_colors_info=&#8220;{}&#8220; sticky_enabled=&#8220;0&#8243;][\/et_pb_image][\/et_pb_column][et_pb_column type=&#8220;3_5&#8243; _builder_version=&#8220;4.20.4&#8243; _module_preset=&#8220;default&#8220; global_colors_info=&#8220;{}&#8220;][et_pb_text module_class=&#8220;bulletlistone&#8220; _builder_version=&#8220;4.20.4&#8243; _module_preset=&#8220;default&#8220; header_text_align=&#8220;left&#8220; custom_padding=&#8220;0px|0px|0px|0px|false|false&#8220; custom_padding_tablet=&#8220;10%|8%|2%|8%|false|false&#8220; custom_padding_phone=&#8220;0%|0%|0%|0%|false|false&#8220; custom_padding_last_edited=&#8220;on|phone&#8220; global_colors_info=&#8220;{}&#8220;]<\/p>\n<h1>Meine Praxis bietet<\/h1>\n<p>eine entwicklungsbegleitende F\u00f6rderung f\u00fcr Kindergarten- und Schulkinder mit folgenden Auff\u00e4lligkeiten:<\/p>\n<ul>\n<li>Entwicklungsverz\u00f6gerung<\/li>\n<li>Verhaltensauff\u00e4lligkeiten<\/li>\n<li>Sozio-emotionalen Schwierigkeiten<\/li>\n<li>Aufmerksamkeits- und Konzentrationsproblemen<\/li>\n<li>Wahrnehmungsproblemen<\/li>\n<li>Defiziten in der Grob- und Feinmotorik<\/li>\n<li>St\u00f6rungen aus dem Autismus-Spektrum<\/li>\n<\/ul>\n<p>[\/et_pb_text][\/et_pb_column][\/et_pb_row][\/et_pb_section][et_pb_section fb_built=&#8220;1&#8243; module_id=&#8220;wegzurfoerderung&#8220; _builder_version=&#8220;4.20.4&#8243; _module_preset=&#8220;default&#8220; custom_padding=&#8220;7%||3%||false|false&#8220; global_colors_info=&#8220;{}&#8220;][et_pb_row column_structure=&#8220;3_5,2_5&#8243; _builder_version=&#8220;4.20.4&#8243; _module_preset=&#8220;default&#8220; custom_margin=&#8220;0px||||false|false&#8220; global_colors_info=&#8220;{}&#8220;][et_pb_column type=&#8220;3_5&#8243; _builder_version=&#8220;4.20.4&#8243; _module_preset=&#8220;default&#8220; global_colors_info=&#8220;{}&#8220;][et_pb_text module_class=&#8220;bulletlistone&#8220; _builder_version=&#8220;4.20.4&#8243; _module_preset=&#8220;default&#8220; header_text_align=&#8220;left&#8220; custom_padding=&#8220;0px|0px|0px|0px|false|false&#8220; custom_padding_tablet=&#8220;10%|8%|2%|8%|false|false&#8220; custom_padding_phone=&#8220;0%|0%|0%|0%|false|false&#8220; custom_padding_last_edited=&#8220;on|phone&#8220; global_colors_info=&#8220;{}&#8220;]<\/p>\n<h1>Der Weg zur F\u00f6rderung<\/h1>\n<ul>\n<li>Vereinbaren Sie ein Informationsgespr\u00e4ch, das in jedem Fall kostenlos und unverbindlich ist.<\/li>\n<li>Beim Antrag auf Kosten\u00fcbernahme (beim Bezirk Oberbayern bzw. Stadtjugendamt) helfe ich Ihnen gerne. In der Regel werden die Kosten f\u00fcr die heilp\u00e4dagogische Behandlung \u00fcbernommen.<\/li>\n<li>Aufgrund eigener Diagnostik, Anamnese und Gepr\u00e4chen mit Bezugspersonen des Kindes erstelle ich einen individuellen F\u00f6rderplan f\u00fcr Ihr Kind.<\/li>\n<li>Die F\u00f6rdertermine sind w\u00f6chentlich.<\/li>\n<\/ul>\n<ul><\/ul>\n<p>[\/et_pb_text][\/et_pb_column][et_pb_column type=&#8220;2_5&#8243; _builder_version=&#8220;4.20.4&#8243; _module_preset=&#8220;default&#8220; global_colors_info=&#8220;{}&#8220;][et_pb_image src=&#8220;https:\/\/heilpaedagogik-indersdorf.de\/wp-content\/uploads\/2023\/04\/kugeln_maedchen.png&#8220; title_text=&#8220;kugeln_maedchen&#8220; _builder_version=&#8220;4.21.0&#8243; _module_preset=&#8220;default&#8220; transform_scale=&#8220;147%|147%&#8220; transform_scale_tablet=&#8220;147%|147%&#8220; transform_scale_phone=&#8220;129%|129%&#8220; transform_scale_last_edited=&#8220;on|phone&#8220; transform_translate=&#8220;51px|28px&#8220; transform_translate_tablet=&#8220;51px|28px&#8220; transform_translate_phone=&#8220;17px|28px&#8220; transform_translate_last_edited=&#8220;on|desktop&#8220; transform_translate_linked=&#8220;off&#8220; transform_rotate_tablet=&#8220;&#8220; transform_rotate_phone=&#8220;&#8220; transform_rotate_last_edited=&#8220;on|desktop&#8220; transform_skew_tablet=&#8220;&#8220; transform_skew_phone=&#8220;&#8220; transform_skew_last_edited=&#8220;on|desktop&#8220; transform_origin_tablet=&#8220;&#8220; transform_origin_phone=&#8220;&#8220; transform_origin_last_edited=&#8220;on|desktop&#8220; transform_styles_last_edited=&#8220;on|phone&#8220; width=&#8220;61%&#8220; animation_style=&#8220;slide&#8220; animation_direction=&#8220;top&#8220; animation_intensity_slide=&#8220;4%&#8220; animation_starting_opacity=&#8220;48%&#8220; transform_styles_tablet=&#8220;&#8220; transform_styles_phone=&#8220;&#8220; global_colors_info=&#8220;{}&#8220;][\/et_pb_image][\/et_pb_column][\/et_pb_row][\/et_pb_section][et_pb_section fb_built=&#8220;1&#8243; _builder_version=&#8220;4.21.0&#8243; background_image=&#8220;https:\/\/heilpaedagogik-indersdorf.de\/wp-content\/uploads\/2019\/12\/SIMPLE_SHAPE_47-Kopie-2.jpg&#8220; height=&#8220;383px&#8220; hover_enabled=&#8220;0&#8243; saved_tabs=&#8220;all&#8220; global_colors_info=&#8220;{}&#8220; custom_margin_last_edited=&#8220;on|phone&#8220; sticky_enabled=&#8220;0&#8243;][et_pb_row _builder_version=&#8220;4.21.0&#8243; hover_enabled=&#8220;0&#8243; global_colors_info=&#8220;{}&#8220; custom_margin_last_edited=&#8220;on|phone&#8220; sticky_enabled=&#8220;0&#8243; custom_margin_phone=&#8220;||0px||false|false&#8220; custom_padding=&#8220;||0px||false|false&#8220;][et_pb_column type=&#8220;4_4&#8243; _builder_version=&#8220;4.16&#8243; global_colors_info=&#8220;{}&#8220;][et_pb_image src=&#8220;https:\/\/heilpaedagogik-indersdorf.de\/wp-content\/uploads\/2019\/11\/kinder.png&#8220; align=&#8220;center&#8220; _builder_version=&#8220;4.21.0&#8243; height=&#8220;250px&#8220; height_tablet=&#8220;250px&#8220; height_phone=&#8220;148px&#8220; height_last_edited=&#8220;on|phone&#8220; custom_margin_tablet=&#8220;&#8220; custom_margin_phone=&#8220;||0px||false|false&#8220; custom_margin_last_edited=&#8220;on|phone&#8220; custom_padding=&#8220;||0px||false|false&#8220; custom_padding_tablet=&#8220;||0px||false|false&#8220; custom_padding_phone=&#8220;||0px||false|false&#8220; custom_padding_last_edited=&#8220;on|phone&#8220; hover_enabled=&#8220;0&#8243; global_colors_info=&#8220;{}&#8220; sticky_enabled=&#8220;0&#8243;][\/et_pb_image][\/et_pb_column][\/et_pb_row][\/et_pb_section]<\/p>\n","protected":false},"excerpt":{"rendered":"<p>Liebe Eltern Sie haben noch nie von \u201eHeilp\u00e4dagogik\u201c geh\u00f6rt? Heilp\u00e4dagogische F\u00f6rderung bedeutet, ein Kind in allen Facetten seiner Pers\u00f6nlichkeit zu unterst\u00fctzen \u2013 und nicht nur einen isolierten \u201eProblembereich\u201c zu f\u00f6rdern. Dabei hat die Zusammenarbeit mit den Eltern f\u00fcr mich eine gro\u00dfe Bedeutung.Wenn Ihr Kind im Kindergarten oder in der Schule Probleme im Sozialverhalten zeigt oft [&hellip;]<\/p>\n","protected":false},"author":1,"featured_media":0,"parent":0,"menu_order":0,"comment_status":"closed","ping_status":"closed","template":"","meta":{"_et_pb_use_builder":"on","_et_pb_old_content":"","_et_gb_content_width":"","footnotes":""},"class_list":["post-384","page","type-page","status-publish","hentry"],"_links":{"self":[{"href":"https:\/\/heilpaedagogik-indersdorf.de\/index.php?rest_route=\/wp\/v2\/pages\/384","targetHints":{"allow":["GET"]}}],"collection":[{"href":"https:\/\/heilpaedagogik-indersdorf.de\/index.php?rest_route=\/wp\/v2\/pages"}],"about":[{"href":"https:\/\/heilpaedagogik-indersdorf.de\/index.php?rest_route=\/wp\/v2\/types\/page"}],"author":[{"embeddable":true,"href":"https:\/\/heilpaedagogik-indersdorf.de\/index.php?rest_route=\/wp\/v2\/users\/1"}],"replies":[{"embeddable":true,"href":"https:\/\/heilpaedagogik-indersdorf.de\/index.php?rest_route=%2Fwp%2Fv2%2Fcomments&post=384"}],"version-history":[{"count":36,"href":"https:\/\/heilpaedagogik-indersdorf.de\/index.php?rest_route=\/wp\/v2\/pages\/384\/revisions"}],"predecessor-version":[{"id":606,"href":"https:\/\/heilpaedagogik-indersdorf.de\/index.php?rest_route=\/wp\/v2\/pages\/384\/revisions\/606"}],"wp:attachment":[{"href":"https:\/\/heilpaedagogik-indersdorf.de\/index.php?rest_route=%2Fwp%2Fv2%2Fmedia&parent=384"}],"curies":[{"name":"wp","href":"https:\/\/api.w.org\/{rel}","templated":true}]}}